{"id":4980,"date":"2025-07-26T12:31:28","date_gmt":"2025-07-26T10:31:28","guid":{"rendered":"https:\/\/www.cedint.upm.es\/partners-and-sponsors\/"},"modified":"2026-02-19T13:21:03","modified_gmt":"2026-02-19T12:21:03","slug":"partners-and-sponsors","status":"publish","type":"page","link":"https:\/\/www.cedint.upm.es\/en\/partners-and-sponsors\/","title":{"rendered":"Partners and sponsors"},"content":{"rendered":"\t\t<div data-elementor-type=\"wp-page\" data-elementor-id=\"4980\" class=\"elementor elementor-4980 elementor-2561\">\n\t\t\t\t\t\t<section class=\"elementor-section elementor-top-section elementor-element elementor-element-3ecef5a cspt-col-stretched-none cspt-bg-color-over-image elementor-section-boxed elementor-section-height-default elementor-section-height-default\" data-id=\"3ecef5a\" data-element_type=\"section\" data-e-type=\"section\">\n\t\t\t\t\t\t<div class=\"elementor-container elementor-column-gap-default\">\n\t\t\t\t\t<div class=\"elementor-column elementor-col-100 elementor-top-column elementor-element elementor-element-aaf9fef cspt-bg-color-over-image\" data-id=\"aaf9fef\" data-element_type=\"column\" data-e-type=\"column\">\n\t\t\t<div class=\"elementor-widget-wrap elementor-element-populated\">\n\t\t\t\t\t\t<div class=\"elementor-element elementor-element-85aec26 elementor-widget elementor-widget-spacer\" data-id=\"85aec26\" data-element_type=\"widget\" data-e-type=\"widget\" data-widget_type=\"spacer.default\">\n\t\t\t\t<div class=\"elementor-widget-container\">\n\t\t\t\t\t\t\t<div class=\"elementor-spacer\">\n\t\t\t<div class=\"elementor-spacer-inner\"><\/div>\n\t\t<\/div>\n\t\t\t\t\t\t<\/div>\n\t\t\t\t<\/div>\n\t\t\t\t<div class=\"elementor-element elementor-element-3478a9b cspt-align-left elementor-widget elementor-widget-cspt_client_element\" data-id=\"3478a9b\" data-element_type=\"widget\" data-e-type=\"widget\" data-widget_type=\"cspt_client_element.default\">\n\t\t\t\t<div class=\"elementor-widget-container\">\n\t\t\t\t\t\r\n\t\t<div class=\"creativesplanet-element creativesplanet-element-client cspt-element-client-style-1 creativesplanet-element-viewtype-row-column creativesplanet-gap-30px cspt-sortable-yes cspt-infinite-scroll-no cspt-infinite-scroll-button-no\" data-cpt=\"client\" data-totalpagination=\"1\" data-style=\"1\" data-show=\"1000\" data-columns=\"6\" data-loop=\"false\" data-autoplay=\"false\" data-center=\"false\" data-nav=\"false\" data-dots=\"false\" data-autoplayspeed=\"1000\" data-margin=\"30px\"><div class=\"creativesplanet-element-inner\"><div class=\"cspt-infinite-scroll-data\">{\"cpt\":\"client\",\"style\":\"1\",\"columns\":\"6\",\"show\":1000,\"order\":\"DESC\",\"orderby\":\"DESC\"}<\/div>\r\n\t\t\t<div class=\"cspt-ele-header-area\">\r\n\t\t\t\t\t<div class=\"cspt-heading-subheading left-align \"><\/div>\r\n\t\t\t\t<div class=\"cspt-sortable-list\"><ul class=\"cspt-sortable-list-ul\">\r\n\t\t\t<li><a href=\"#\" class=\"cspt-sortable-link cspt-selected\" data-category=\"*\" data-sortby=\"*\">All<\/a><\/li><li><a href=\"#\" class=\"cspt-sortable-link\" data-category=\"associated-entities\" data-sortby=\"cspt-term-135\">Associated Entities<\/a><\/li><li><a href=\"#\" class=\"cspt-sortable-link\" data-category=\"companies\" data-sortby=\"cspt-term-134\">Companies<\/a><\/li><li><a href=\"#\" class=\"cspt-sortable-link\" data-category=\"premium-partner-companies\" data-sortby=\"cspt-term-138\">Premium Partner Companies<\/a><\/li>\r\n\t\t<\/ul><\/div>\r\n\t\t\t<\/div>\r\n\r\n\t\t\t<div class=\"cspt-element-posts-wrapper row multi-columns-row\">\r\n\r\n\t\t\t<article class=\"cspt-ele cspt-ele-client cspt-client-style-1 col-md-2 premium-partner-companies cspt-term-138  \"><div class=\"cspt-client-wrapper\">\r\n\t<h4 class=\"cspt-hide\">AENOR<\/h4>\r\n\t\t\t<div class=\"cspt-featured-wrapper\"><a href=\"https:\/\/www.cedint.upm.es\/en\/client\/aenor\/\"><img decoding=\"async\" width=\"238\" height=\"117\" src=\"https:\/\/www.cedint.upm.es\/wp-content\/uploads\/2025\/01\/aenor.jpg\" class=\"attachment-cspt-img-770x9999 size-cspt-img-770x9999 wp-post-image\" alt=\"\" \/><\/a><\/div>\t<\/div><\/article><article class=\"cspt-ele cspt-ele-client cspt-client-style-1 col-md-2 premium-partner-companies cspt-term-138  \"><div class=\"cspt-client-wrapper\">\r\n\t<h4 class=\"cspt-hide\">Activa Multim\u00e8dia<\/h4>\r\n\t\t\t<div class=\"cspt-featured-wrapper\"><a href=\"https:\/\/www.cedint.upm.es\/en\/client\/activa-multimedia\/\"><img decoding=\"async\" width=\"238\" height=\"117\" src=\"https:\/\/www.cedint.upm.es\/wp-content\/uploads\/2025\/01\/actiiva-multimedia.jpg\" class=\"attachment-cspt-img-770x9999 size-cspt-img-770x9999 wp-post-image\" alt=\"\" \/><\/a><\/div>\t<\/div><\/article><article class=\"cspt-ele cspt-ele-client cspt-client-style-1 col-md-2 premium-partner-companies cspt-term-138  \"><div class=\"cspt-client-wrapper\">\r\n\t<h4 class=\"cspt-hide\">Acciona<\/h4>\r\n\t\t\t<div class=\"cspt-featured-wrapper\"><a href=\"https:\/\/www.cedint.upm.es\/en\/client\/acciona\/\"><img decoding=\"async\" width=\"238\" height=\"117\" src=\"https:\/\/www.cedint.upm.es\/wp-content\/uploads\/2025\/01\/acciona.jpg\" class=\"attachment-cspt-img-770x9999 size-cspt-img-770x9999 wp-post-image\" alt=\"\" \/><\/a><\/div>\t<\/div><\/article><article class=\"cspt-ele cspt-ele-client cspt-client-style-1 col-md-2 premium-partner-companies cspt-term-138  \"><div class=\"cspt-client-wrapper\">\r\n\t<h4 class=\"cspt-hide\">Acceso 360<\/h4>\r\n\t\t\t<div class=\"cspt-featured-wrapper\"><a href=\"https:\/\/www.cedint.upm.es\/en\/client\/acceso-360-2\/\"><img loading=\"lazy\" decoding=\"async\" width=\"238\" height=\"117\" src=\"https:\/\/www.cedint.upm.es\/wp-content\/uploads\/2025\/01\/acceso360.jpg\" class=\"attachment-cspt-img-770x9999 size-cspt-img-770x9999 wp-post-image\" alt=\"\" \/><\/a><\/div>\t<\/div><\/article><article class=\"cspt-ele cspt-ele-client cspt-client-style-1 col-md-2 associated-entities cspt-term-135  \"><div class=\"cspt-client-wrapper\">\r\n\t<h4 class=\"cspt-hide\">Vivaki<\/h4>\r\n\t\t\t<div class=\"cspt-featured-wrapper\"><a href=\"https:\/\/www.cedint.upm.es\/en\/client\/vivaki\/\"><img loading=\"lazy\" decoding=\"async\" width=\"238\" height=\"117\" src=\"https:\/\/www.cedint.upm.es\/wp-content\/uploads\/2025\/01\/vivaki.jpg\" class=\"attachment-cspt-img-770x9999 size-cspt-img-770x9999 wp-post-image\" alt=\"\" \/><\/a><\/div>\t<\/div><\/article><article class=\"cspt-ele cspt-ele-client cspt-client-style-1 col-md-2 associated-entities cspt-term-135  \"><div class=\"cspt-client-wrapper\">\r\n\t<h4 class=\"cspt-hide\">La Rochelle Universit\u00e9<\/h4>\r\n\t\t\t<div class=\"cspt-featured-wrapper\"><a href=\"https:\/\/www.cedint.upm.es\/en\/client\/la-rochelle-universite\/\"><img loading=\"lazy\" decoding=\"async\" width=\"238\" height=\"117\" src=\"https:\/\/www.cedint.upm.es\/wp-content\/uploads\/2019\/06\/larochelle.jpg\" class=\"attachment-cspt-img-770x9999 size-cspt-img-770x9999 wp-post-image\" alt=\"\" \/><\/a><\/div>\t<\/div><\/article><article class=\"cspt-ele cspt-ele-client cspt-client-style-1 col-md-2 associated-entities cspt-term-135  \"><div class=\"cspt-client-wrapper\">\r\n\t<h4 class=\"cspt-hide\">DGT<\/h4>\r\n\t\t\t<div class=\"cspt-featured-wrapper\"><a href=\"https:\/\/www.cedint.upm.es\/en\/client\/dgt\/\"><img loading=\"lazy\" decoding=\"async\" width=\"238\" height=\"117\" src=\"https:\/\/www.cedint.upm.es\/wp-content\/uploads\/2019\/06\/dgt.jpg\" class=\"attachment-cspt-img-770x9999 size-cspt-img-770x9999 wp-post-image\" alt=\"\" \/><\/a><\/div>\t<\/div><\/article><article class=\"cspt-ele cspt-ele-client cspt-client-style-1 col-md-2 associated-entities cspt-term-135  \"><div class=\"cspt-client-wrapper\">\r\n\t<h4 class=\"cspt-hide\">Ayuntamiento de Madrid<\/h4>\r\n\t\t\t<div class=\"cspt-featured-wrapper\"><a href=\"https:\/\/www.cedint.upm.es\/en\/client\/ayuntamiento-de-madrid\/\"><img loading=\"lazy\" decoding=\"async\" width=\"238\" height=\"117\" src=\"https:\/\/www.cedint.upm.es\/wp-content\/uploads\/2019\/06\/Ayuntamiento-madrid.jpg\" class=\"attachment-cspt-img-770x9999 size-cspt-img-770x9999 wp-post-image\" alt=\"\" \/><\/a><\/div>\t<\/div><\/article><article class=\"cspt-ele cspt-ele-client cspt-client-style-1 col-md-2 associated-entities cspt-term-135  \"><div class=\"cspt-client-wrapper\">\r\n\t<h4 class=\"cspt-hide\">Aesleme<\/h4>\r\n\t\t\t<div class=\"cspt-featured-wrapper\"><a href=\"https:\/\/www.cedint.upm.es\/en\/client\/aesleme\/\"><img loading=\"lazy\" decoding=\"async\" width=\"238\" height=\"117\" src=\"https:\/\/www.cedint.upm.es\/wp-content\/uploads\/2019\/06\/aesleme.jpg\" class=\"attachment-cspt-img-770x9999 size-cspt-img-770x9999 wp-post-image\" alt=\"\" \/><\/a><\/div>\t<\/div><\/article><article class=\"cspt-ele cspt-ele-client cspt-client-style-1 col-md-2 companies cspt-term-134  \"><div class=\"cspt-client-wrapper\">\r\n\t<h4 class=\"cspt-hide\">T\u00e9cnica 6000<\/h4>\r\n\t\t\t<div class=\"cspt-featured-wrapper\"><a href=\"https:\/\/www.cedint.upm.es\/en\/client\/tecnica-6000\/\"><img loading=\"lazy\" decoding=\"async\" width=\"238\" height=\"117\" src=\"https:\/\/www.cedint.upm.es\/wp-content\/uploads\/2019\/06\/tecnica6000.jpg\" class=\"attachment-cspt-img-770x9999 size-cspt-img-770x9999 wp-post-image\" alt=\"\" \/><\/a><\/div>\t<\/div><\/article><article class=\"cspt-ele cspt-ele-client cspt-client-style-1 col-md-2 companies cspt-term-134  \"><div class=\"cspt-client-wrapper\">\r\n\t<h4 class=\"cspt-hide\">Hewlett-Packard<\/h4>\r\n\t\t\t<div class=\"cspt-featured-wrapper\"><a href=\"https:\/\/www.cedint.upm.es\/en\/client\/hewlett-packard\/\"><img loading=\"lazy\" decoding=\"async\" width=\"238\" height=\"117\" src=\"https:\/\/www.cedint.upm.es\/wp-content\/uploads\/2019\/06\/hp.jpg\" class=\"attachment-cspt-img-770x9999 size-cspt-img-770x9999 wp-post-image\" alt=\"\" \/><\/a><\/div>\t<\/div><\/article>\r\n\t\t\t<\/div>\r\n\r\n\t\t\t\r\n\t\t\r\n\t\t\r\n\t\t<\/div><!-- .creativesplanet-element-inner -->   <\/div><!-- .creativesplanet-element -->  \r\n\t    \t\t\t\t<\/div>\n\t\t\t\t<\/div>\n\t\t\t\t\t<\/div>\n\t\t<\/div>\n\t\t\t\t\t<\/div>\n\t\t<\/section>\n\t\t\t\t<\/div>\n\t\t","protected":false},"excerpt":{"rendered":"<p>{&#8220;cpt&#8221;:&#8221;client&#8221;,&#8221;style&#8221;:&#8221;1&#8243;,&#8221;columns&#8221;:&#8221;6&#8243;,&#8221;show&#8221;:1000,&#8221;order&#8221;:&#8221;DESC&#8221;,&#8221;orderby&#8221;:&#8221;DESC&#8221;} All Empresas Entidades Asociadas Socios en proyectos de I+D AENOR Activa Multim\u00e8dia Acciona Acceso 360 Vivaki La Rochelle Universit\u00e9 DGT Ayuntamiento de Madrid Aesleme T\u00e9cnica 6000 Hewlett-Packard<\/p>\n","protected":false},"author":1,"featured_media":0,"parent":0,"menu_order":0,"comment_status":"closed","ping_status":"closed","template":"","meta":{"_acf_changed":false,"footnotes":""},"class_list":["post-4980","page","type-page","status-publish","hentry"],"acf":[],"_links":{"self":[{"href":"https:\/\/www.cedint.upm.es\/en\/wp-json\/wp\/v2\/pages\/4980","targetHints":{"allow":["GET"]}}],"collection":[{"href":"https:\/\/www.cedint.upm.es\/en\/wp-json\/wp\/v2\/pages"}],"about":[{"href":"https:\/\/www.cedint.upm.es\/en\/wp-json\/wp\/v2\/types\/page"}],"author":[{"embeddable":true,"href":"https:\/\/www.cedint.upm.es\/en\/wp-json\/wp\/v2\/users\/1"}],"replies":[{"embeddable":true,"href":"https:\/\/www.cedint.upm.es\/en\/wp-json\/wp\/v2\/comments?post=4980"}],"version-history":[{"count":2,"href":"https:\/\/www.cedint.upm.es\/en\/wp-json\/wp\/v2\/pages\/4980\/revisions"}],"predecessor-version":[{"id":4982,"href":"https:\/\/www.cedint.upm.es\/en\/wp-json\/wp\/v2\/pages\/4980\/revisions\/4982"}],"wp:attachment":[{"href":"https:\/\/www.cedint.upm.es\/en\/wp-json\/wp\/v2\/media?parent=4980"}],"curies":[{"name":"wp","href":"https:\/\/api.w.org\/{rel}","templated":true}]}}